{"id":57,"date":"2023-05-23T05:54:47","date_gmt":"2023-05-23T05:54:47","guid":{"rendered":"https:\/\/apfl.ch\/?page_id=57"},"modified":"2025-07-15T11:12:05","modified_gmt":"2025-07-15T09:12:05","slug":"impressum","status":"publish","type":"page","link":"https:\/\/apfl.ch\/index.php\/impressum\/","title":{"rendered":"Impressum"},"content":{"rendered":"<div id=\"cc-m-6004623380\" class=\"j-module n j-header \">\n<h1 id=\"cc-m-header-6004623380\" class=\"\">IMPRESSUM<\/h1>\n<\/div>\n<div id=\"cc-m-6004623780\" class=\"j-module n j-text \">\n<p><strong>APFL GmbH<\/strong><\/p>\n<p>Baarerstrasse 137<br \/>\nCH-6300 Zug<\/p>\n<p>Telefon: +41(0)78 264 13 90<\/p>\n<p>E-Mail: info@apfl.ch<\/p>\n<p>UID: CHE-262.311.668 MWST<\/p>\n<p><strong>Gesch\u00e4ftsf\u00fchrer:<\/strong><br \/>\n<span id=\"general-vcard-contactName\" class=\"f-middle-size\">Hubert Baumgartner<br \/>\n<\/span><\/p>\n<p>&nbsp;<\/p>\n<p><strong>1. Haftungsbeschr\u00e4nkung<\/strong><\/p>\n<p>Die Inhalte dieser Website werden mit gr\u00f6\u00dftm\u00f6glicher Sorgfalt erstellt. Der Anbieter \u00fcbernimmt jedoch keine Gew\u00e4hr f\u00fcr die Richtigkeit, Vollst\u00e4ndigkeit und Aktualit\u00e4t der bereitgestellten Inhalte. Die Nutzung der Inhalte der Website erfolgt auf eigene Gefahr des Nutzers. Namentlich gekennzeichnete Beitr\u00e4ge geben die Meinung des jeweiligen Autors und nicht immer die Meinung des Anbieters wieder. Mit der reinen Nutzung der Website des Anbieters kommt keinerlei Vertragsverh\u00e4ltnis zwischen dem Nutzer und dem Anbieter zustande.<\/p>\n<p><strong>2. Externe Links<\/strong><\/p>\n<p>Diese Website enth\u00e4lt Verkn\u00fcpfungen zu Websites Dritter (&#8222;externe Links&#8220;). Diese Websites unterliegen der Haftung der jeweiligen Betreiber. Der Anbieter hat bei der erstmaligen Verkn\u00fcpfung der externen Links die fremden Inhalte daraufhin \u00fcberpr\u00fcft, ob etwaige Rechtsverst\u00f6\u00dfe bestehen. Zu dem Zeitpunkt waren keine Rechtsverst\u00f6\u00dfe ersichtlich. Der Anbieter hat keinerlei Einfluss auf die aktuelle und zuk\u00fcnftige Gestaltung und auf die Inhalte der verkn\u00fcpften Seiten. Das Setzen von externen Links bedeutet nicht, dass sich der Anbieter die hinter dem Verweis oder Link liegenden Inhalte zu Eigen macht. Eine st\u00e4ndige Kontrolle der externen Links ist f\u00fcr den Anbieter ohne konkrete Hinweise auf Rechtsverst\u00f6\u00dfe nicht zumutbar. Bei Kenntnis von Rechtsverst\u00f6\u00dfen werden jedoch derartige externe Links unverz\u00fcglich gel\u00f6scht.<\/p>\n<p><strong>3. Urheber- und Kennzeichnungsrechte<\/strong><\/p>\n<p>Der Anbieter ist bestrebt, in allen Publikationen die Urheberrechte der verwendeten Bilder, Grafiken, Tondokumente, Videosequenzen und Texte zu beachten, von ihm selbst erstellte Bilder, Grafiken, Tondokumente, Videosequenzen und Texte zu nutzen oder auf lizenzfreie Grafiken, Tondokumente, Videosequenzen und Texte zur\u00fcckzugreifen.<\/p>\n<p>Alle innerhalb des Internetangebotes genannten und gegebenenfalls durch Dritte gesch\u00fctzten Marken- und Warenzeichen unterliegen uneingeschr\u00e4nkt den Bestimmungen des jeweils g\u00fcltigen Kennzeichenrechts und den Besitzrechten der jeweiligen eingetragenen Eigent\u00fcmer. Allein aufgrund der blo\u00dfen Nennung ist nicht der Schluss zu ziehen, dass Markenzeichen nicht durch Rechte Dritter gesch\u00fctzt sind.<\/p>\n<p>Das Copyright f\u00fcr ver\u00f6ffentlichte, vom Anbieter selbst erstellte Objekte bleibt allein beim Anbieter der Seiten. Eine Vervielf\u00e4ltigung oder Verwendung solcher Grafiken, Tondokumente, Videosequenzen und Texte in anderen elektronischen oder gedruckten Publikationen ist ohne ausdr\u00fcckliche Zustimmung des Autors nicht gestattet.<\/p>\n<p><strong>4. Datenschutz<\/strong><\/p>\n<p>Durch den Besuch der Website des Anbieters k\u00f6nnen Informationen \u00fcber den Zugriff (Datum, Uhrzeit, betrachtete Seite) gespeichert werden. Diese Daten geh\u00f6ren nicht zu den personenbezogenen Daten, sondern sind anonymisiert. Sie werden ausschlie\u00dflich zu statistischen Zwecken ausgewertet. Eine Weitergabe an Dritte, zu kommerziellen oder nichtkommerziellen Zwecken, findet nicht statt.<\/p>\n<p>Der Anbieter weist ausdr\u00fccklich darauf hin, dass die Daten\u00fcbertragung im Internet (z.B. bei der Kommunikation per E-Mail) Sicherheitsl\u00fccken aufweisen und nicht l\u00fcckenlos vor dem Zugriff durch Dritte gesch\u00fctzt werden kann.<\/p>\n<p>Die Verwendung der Kontaktdaten des Impressums zur gewerblichen Nutzung ist im Rahmen einer ordentlichen Gesch\u00e4ftsanbahnung gestattet. Die Nutzung der im Rahmen des Impressums oder vergleichbarer Angaben ver\u00f6ffentlichten Kontaktdaten f\u00fcr sogenannte Spam-Mails ist hingegen nicht gestattet. Rechtliche Schritte gegen die Versender von Spam-Mails bei Verst\u00f6\u00dfen gegen dieses Verbot bleiben ausdr\u00fccklich vorbehalten.<\/p>\n<p><strong>5. Besondere Nutzungsbedingungen<\/strong><\/p>\n<p>Soweit besondere Bedingungen f\u00fcr einzelne Nutzungen dieser Website von den vorgenannten Nummern 1. bis 4. abweichen, wird an entsprechender Stelle ausdr\u00fccklich darauf hingewiesen. In diesem Falle gelten im jeweiligen Einzelfall die besonderen Nutzungsbedingungen.<\/p>\n<\/div>\n","protected":false},"excerpt":{"rendered":"<p>IMPRESSUM APFL GmbH Baarerstrasse 137 CH-6300 Zug Telefon: +41(0)78 264 13 90 E-Mail: info@apfl.ch UID: CHE-262.311.668 MWST Gesch\u00e4ftsf\u00fchrer: Hubert Baumgartner &nbsp; 1. Haftungsbeschr\u00e4nkung Die Inhalte dieser Website werden mit gr\u00f6\u00dftm\u00f6glicher Sorgfalt erstellt. Der Anbieter \u00fcbernimmt jedoch keine Gew\u00e4hr f\u00fcr die Richtigkeit, Vollst\u00e4ndigkeit und Aktualit\u00e4t der bereitgestellten Inhalte. Die Nutzung der Inhalte der Website erfolgt auf [&hellip;]<\/p>\n","protected":false},"author":1,"featured_media":0,"parent":0,"menu_order":0,"comment_status":"closed","ping_status":"closed","template":"","meta":{"footnotes":""},"class_list":["post-57","page","type-page","status-publish","hentry"],"_links":{"self":[{"href":"https:\/\/apfl.ch\/index.php\/wp-json\/wp\/v2\/pages\/57","targetHints":{"allow":["GET"]}}],"collection":[{"href":"https:\/\/apfl.ch\/index.php\/wp-json\/wp\/v2\/pages"}],"about":[{"href":"https:\/\/apfl.ch\/index.php\/wp-json\/wp\/v2\/types\/page"}],"author":[{"embeddable":true,"href":"https:\/\/apfl.ch\/index.php\/wp-json\/wp\/v2\/users\/1"}],"replies":[{"embeddable":true,"href":"https:\/\/apfl.ch\/index.php\/wp-json\/wp\/v2\/comments?post=57"}],"version-history":[{"count":9,"href":"https:\/\/apfl.ch\/index.php\/wp-json\/wp\/v2\/pages\/57\/revisions"}],"predecessor-version":[{"id":247,"href":"https:\/\/apfl.ch\/index.php\/wp-json\/wp\/v2\/pages\/57\/revisions\/247"}],"wp:attachment":[{"href":"https:\/\/apfl.ch\/index.php\/wp-json\/wp\/v2\/media?parent=57"}],"curies":[{"name":"wp","href":"https:\/\/api.w.org\/{rel}","templated":true}]}}