{"id":142,"date":"2023-08-24T11:22:36","date_gmt":"2023-08-24T09:22:36","guid":{"rendered":"https:\/\/apfl.ch\/?page_id=142"},"modified":"2023-08-24T11:29:25","modified_gmt":"2023-08-24T09:29:25","slug":"haftungsausschluss-datenschutz-dsg-ndsg-dsv","status":"publish","type":"page","link":"https:\/\/apfl.ch\/index.php\/haftungsausschluss-datenschutz-dsg-ndsg-dsv\/","title":{"rendered":"Haftungsausschluss"},"content":{"rendered":"<p><strong>Haftungsausschluss:<\/strong><\/p>\n<p>1. Inhalt des Onlineangebotes<\/p>\n<p>Der Autor \u00fcbernimmt keinerlei Gew\u00e4hr f\u00fcr die Aktualit\u00e4t, Korrektheit, Vollst\u00e4ndigkeit oder Qualit\u00e4t der bereitgestellten Informationen. Haftungsanspr\u00fcche gegen den Autor, welche sich auf Sch\u00e4den materieller oder ideeller Art beziehen, die durch die Nutzung oder Nichtnutzung der dargebotenen Informationen bzw. durch die Nutzung fehlerhafter und unvollst\u00e4ndiger Informationen verursacht wurden, sind grunds\u00e4tzlich ausgeschlossen, sofern seitens des Autors kein nachweislich vors\u00e4tzliches oder grob fahrl\u00e4ssiges Verschulden vorliegt. Alle Angebote sind freibleibend und unverbindlich. Der Autor beh\u00e4lt es sich ausdr\u00fccklich vor, Teile der Seiten oder das gesamte Angebot ohne gesonderte Ank\u00fcndigung zu ver\u00e4ndern, zu erg\u00e4nzen, zu l\u00f6schen oder die Ver\u00f6ffentlichung zeitweise oder endg\u00fcltig einzustellen.<\/p>\n<p>2. Verweise und Links<\/p>\n<p>Bei direkten oder indirekten Verweisen auf fremde Webseiten (\u201cHyperlinks\u201d), die au\u00dferhalb des Verantwortungsbereiches des Autors liegen, w\u00fcrde eine Haftungsverpflichtung ausschlie\u00dflich in dem Fall in Kraft treten, in dem der Autor von den Inhalten Kenntnis hat und es ihm technisch m\u00f6glich und zumutbar w\u00e4re, die Nutzung im Falle rechtswidriger Inhalte zu verhindern.<\/p>\n<p>Der Autor erkl\u00e4rt hiermit ausdr\u00fccklich, dass zum Zeitpunkt der Linksetzung keine illegalen Inhalte auf den zu verlinkenden Seiten erkennbar waren. Auf die aktuelle und zuk\u00fcnftige Gestaltung, die Inhalte oder die Urheberschaft der verlinkten\/verkn\u00fcpften Seiten hat der Autor keinerlei Einfluss. Deshalb distanziert er sich hiermit ausdr\u00fccklich von allen Inhalten aller verlinkten \/verkn\u00fcpften Seiten, die nach der Linksetzung ver\u00e4ndert wurden. Diese Feststellung gilt f\u00fcr alle innerhalb des eigenen Internetangebotes gesetzten Links und Verweise sowie f\u00fcr Fremdeintr\u00e4ge in vom Autor eingerichteten G\u00e4steb\u00fcchern, Diskussionsforen, Linkverzeichnissen, Mailinglisten und in allen anderen Formen von Datenbanken, auf deren Inhalt externe Schreibzugriffe m\u00f6glich sind. F\u00fcr illegale, fehlerhafte oder unvollst\u00e4ndige Inhalte und insbesondere f\u00fcr Sch\u00e4den, die aus der Nutzung oder Nichtnutzung solcherart dargebotener Informationen entstehen, haftet allein der Anbieter der Seite, auf welche verwiesen wurde, nicht derjenige, der \u00fcber Links auf die jeweilige Ver\u00f6ffentlichung lediglich verweist.<\/p>\n<p>3. Urheber- und Kennzeichenrecht<\/p>\n<p>Der Autor ist bestrebt, in allen Publikationen die Urheberrechte der verwendeten Bilder, Grafiken, Tondokumente, Videosequenzen und Texte zu beachten, von ihm selbst erstellte Bilder, Grafiken, Tondokumente, Videosequenzen und Texte zu nutzen oder auf lizenzfreie Grafiken, Tondokumente, Videosequenzen und Texte zur\u00fcckzugreifen. Alle innerhalb des Internetangebotes genannten und ggf. durch Dritte gesch\u00fctzten Marken- und Warenzeichen unterliegen uneingeschr\u00e4nkt den Bestimmungen des jeweils g\u00fcltigen Kennzeichenrechts und den Besitzrechten der jeweiligen eingetragenen Eigent\u00fcmer. Allein aufgrund der blo\u00dfen Nennung ist nicht der Schluss zu ziehen, dass Markenzeichen nicht durch Rechte Dritter gesch\u00fctzt sind!<\/p>\n<p>Das Copyright f\u00fcr ver\u00f6ffentlichte, vom Autor selbst erstellte Objekte bleibt allein beim Autor der Seiten. Eine Vervielf\u00e4ltigung oder Verwendung solcher Grafiken, Tondokumente, Videosequenzen und Texte in anderen elektronischen oder gedruckten Publikationen ist ohne ausdr\u00fcckliche Zustimmung des Autors nicht gestattet.<\/p>\n<p>4. Datenschutz<\/p>\n<p>Sofern innerhalb des Internetangebotes die M\u00f6glichkeit zur Eingabe pers\u00f6nlicher oder gesch\u00e4ftlicher Daten (Emailadressen, Namen, Anschriften) besteht, so erfolgt die Preisgabe dieser Daten seitens des Nutzers auf ausdr\u00fccklich freiwilliger Basis. Die Inanspruchnahme und Bezahlung aller angebotenen Dienste ist \u2013 soweit technisch m\u00f6glich und zumutbar \u2013 auch ohne Angabe solcher Daten bzw. unter Angabe anonymisierter Daten oder eines Pseudonyms gestattet. Die Nutzung der im Rahmen des Impressums oder vergleichbarer Angaben ver\u00f6ffentlichten Kontaktdaten wie Postanschriften, Telefon- und Faxnummern sowie Emailadressen durch Dritte zur \u00dcbersendung von nicht ausdr\u00fccklich angeforderten Informationen ist nicht gestattet. Rechtliche Schritte gegen die Versender von sogenannten Spam-Mails bei Verst\u00f6ssen gegen dieses Verbot sind ausdr\u00fccklich vorbehalten.<\/p>\n<p>5. Rechtswirksamkeit dieses Haftungsausschlusses<\/p>\n<p>Dieser Haftungsausschluss ist als Teil des Internetangebotes zu betrachten, von dem aus auf diese Seite verwiesen wurde. Sofern Teile oder einzelne Formulierungen dieses Textes der geltenden Rechtslage nicht, nicht mehr oder nicht vollst\u00e4ndig entsprechen sollten, bleiben die \u00fcbrigen Teile des Dokumentes in ihrem Inhalt und ihrer G\u00fcltigkeit davon unber\u00fchrt.<\/p>\n<p>6. Google Analytics und andere Anwendungen zur Analyse<\/p>\n<p>Diese Website kann Google Analytics, einen Webanalysedienst der Google Inc. (www.google.com) oder andere Anwendungen zur Analyse verwenden. Wird im Folgenden von \u201cgoogle\u201d gesprochen, so k\u00f6nnen auch alternative Programme verwendet und Unternehmen hinzugezogen werden. Google Analytics verwendet sogenannte Cookies, Textdateien, die auf Ihrem Computer gespeichert werden und die eine Analyse der Benutzung der Website durch Sie erm\u00f6glicht. Die durch den Cookie erzeugten Informationen \u00fcber Ihre Benutzung diese Website (einschlie\u00dflich Ihrer IP-Adresse) wird an einen Server von Google in den USA \u00fcbertragen und dort gespeichert. Google wird diese Informationen benutzen, um Ihre Nutzung der Website auszuwerten, um Reports \u00fcber die Websiteaktivit\u00e4ten f\u00fcr die Websitebetreiber zusammenzustellen und um weitere mit der Websitenutzung und der Internetnutzung verbundene Dienstleistungen zu erbringen. Auch wird Google diese Informationen gegebenenfalls an Dritte \u00fcbertragen, sofern dies gesetzlich vorgeschrieben oder soweit Dritte diese Daten im Auftrag von Google verarbeiten. Sie k\u00f6nnen die Installation der Cookies durch eine entsprechende Einstellung Ihrer Browser Software verhindern; wir weisen Sie jedoch darauf hin, dass Sie in diesem Fall gegebenenfalls nicht s\u00e4mtliche Funktionen dieser Website vollumf\u00e4nglich nutzen k\u00f6nnen. Durch die Nutzung dieser Website erkl\u00e4ren Sie sich mit der Bearbeitung der \u00fcber Sie erhobenen Daten durch Google in der zuvor beschriebenen Art und Weise und zu dem zuvor benannten Zweck einverstanden.<br \/>\nVerbiete Google Analytics, mich zu verfolgen<\/p>\n<p>7. WordPress<\/p>\n<p>Besondere Datenschutzhinweise zu WordPressDiese Webseiten basieren auf dem Dienst wordpress.com; d.h. Ihre unter den allgemeinen Datenschutzhinweisen genannten Daten werden auch auf Servern in den USA gespeichert. WordPress.com bzw. Automattic Inc sichern jedoch zu, diese Daten nur aufgrund von gesetzlich bestehenden Vorschriften an Dritte weiterzugeben; Dritte meint andere nat\u00fcrliche oder juristische Personen als wordpress.com, Automattic Inc oder den Betreiber von http:\/\/www.gregorkrauss.de\/WordPress setzt mittels Automattic Inc sogenannte \u201eCookies\u201c ein, um den Besucherstrom auf dem Blog messen zu k\u00f6nnen. Dar\u00fcber hinaus verwendet WordPress das Anti Spam PlugIn Askimet. Der Askimet Filter ist installiert, um m\u00f6glichen Spam innerhalb der Kommentare zu verhindern; hierzu werden \u201eInhalte\u201c des Kommentars wie bestimmte W\u00f6rter, IP-Adressen, Email-Adressen oder Domain-Namen an einen Server in den USA versendet und dort abgeglichen. Sollte Askimet einen der \u00fcbermittelten Inhalte als Spam identifizieren, so wird dies als Meldung an Henric\u2019s Blog zur\u00fcckgegeben und die Information in den USA gespeichert. Henric\u2019s Blog hat keinen Einfluss darauf, welche Informationen dort dauerhaft gespeichert werden und kann diese Informationen nicht einsehen. Eine Speicherung von Ihren Daten k\u00f6nnen Sie verhindern, in dem Sie die Kommentierungsfunktion von http:\/\/www.gregorkrauss.de\/ nicht nutzen.<\/p>\n<p>8. Youtube<\/p>\n<p>In unserem Internetauftritt setzen wir YouTube ein. Hierbei handelt es sich um ein Videoportal der YouTube LLC., 901 Cherry Ave., 94066 San Bruno, CA, USA, nachfolgend nur \u201eYouTube\u201c genannt. YouTube ist ein Tochterunternehmen der Google LLC., 1600 Amphitheatre Parkway, Mountain View, CA 94043 USA, nachfolgend nur \u201eGoogle\u201c genannt. Durch die Zertifizierung nach dem EU-US-Datenschutzschild (\u201eEU-US Privacy Shield\u201c)<\/p>\n<p>www.privacyshield.gov\/participant<\/p>\n<p>garantiert Google und damit auch das Tochterunternehmen YouTube, dass die Datenschutzvorgaben der EU auch bei der Verarbeitung von Daten in den USA eingehalten werden. Wir nutzen YouTube im Zusammenhang mit der Funktion \u201eErweiterter Datenschutzmodus\u201c, um Ihnen Videos anzeigen zu k\u00f6nnen. Rechtsgrundlage ist Art. 6 Abs. 1 lit. f) DSG. Unser berechtigtes Interesse liegt in der Qualit\u00e4tsverbesserung unseres Internetauftritts. Die Funktion \u201eErweiterter Datenschutzmodus\u201c bewirkt laut Angaben von YouTube, dass die nachfolgend noch n\u00e4her bezeichneten Daten nur dann an den Server von YouTube \u00fcbermittelt werden, wenn Sie ein Video auch tats\u00e4chlich starten. Ohne diesen \u201eErweiterten Datenschutz\u201c wird eine Verbindung zum Server von YouTube in den USA hergestellt, sobald Sie eine unserer Internetseiten, auf der ein YouTube-Video eingebettet ist, aufrufen. Diese Verbindung ist erforderlich, um das jeweilige Video auf unserer Internetseite \u00fcber Ihren Internet-Browser darstellen zu k\u00f6nnen. Im Zuge dessen wird YouTube zumindest Ihre IP-Adresse, das Datum nebst Uhrzeit sowie die von Ihnen besuchte Internetseite erfassen und verarbeiten. Zudem wird eine Verbindung zu dem Werbenetzwerk \u201eDoubleClick\u201c von Google hergestellt. Sollten Sie gleichzeitig bei YouTube eingeloggt sein, weist YouTube die Verbindungsinformationen Ihrem YouTube-Konto zu. Wenn Sie das verhindern m\u00f6chten, m\u00fcssen Sie sich entweder vor dem Besuch unseres Internetauftritts bei YouTube ausloggen oder die entsprechenden Einstellungen in Ihrem YouTube-Benutzerkonto vornehmen. Zum Zwecke der Funktionalit\u00e4t sowie zur Analyse des Nutzungsverhaltens speichert YouTube dauerhaft Cookies \u00fcber Ihren Internet-Browser auf Ihrem Endger\u00e4t. Falls Sie mit dieser Verarbeitung nicht einverstanden sind, haben Sie die M\u00f6glichkeit, die Speicherung der Cookies durch eine Einstellung in Ihrem Internet-Browsers zu verhindern. N\u00e4here Informationen hierzu finden Sie vorstehend unter \u201eCookies\u201c. Weitergehende Informationen \u00fcber die Erhebung und Nutzung von Daten sowie Ihre diesbez\u00fcglichen Rechte und Schutzm\u00f6glichkeiten h\u00e4lt Google in den unter<\/p>\n<p>policies.google.com\/privacy<\/p>\n<p>abrufbaren Datenschutzhinweisen bereit.<\/p>\n","protected":false},"excerpt":{"rendered":"<p>Haftungsausschluss: 1. Inhalt des Onlineangebotes Der Autor \u00fcbernimmt keinerlei Gew\u00e4hr f\u00fcr die Aktualit\u00e4t, Korrektheit, Vollst\u00e4ndigkeit oder Qualit\u00e4t der bereitgestellten Informationen. Haftungsanspr\u00fcche gegen den Autor, welche sich auf Sch\u00e4den materieller oder ideeller Art beziehen, die durch die Nutzung oder Nichtnutzung der dargebotenen Informationen bzw. durch die Nutzung fehlerhafter und unvollst\u00e4ndiger Informationen verursacht wurden, sind grunds\u00e4tzlich ausgeschlossen, [&hellip;]<\/p>\n","protected":false},"author":1,"featured_media":0,"parent":0,"menu_order":0,"comment_status":"closed","ping_status":"closed","template":"","meta":{"footnotes":""},"class_list":["post-142","page","type-page","status-publish","hentry"],"_links":{"self":[{"href":"https:\/\/apfl.ch\/index.php\/wp-json\/wp\/v2\/pages\/142","targetHints":{"allow":["GET"]}}],"collection":[{"href":"https:\/\/apfl.ch\/index.php\/wp-json\/wp\/v2\/pages"}],"about":[{"href":"https:\/\/apfl.ch\/index.php\/wp-json\/wp\/v2\/types\/page"}],"author":[{"embeddable":true,"href":"https:\/\/apfl.ch\/index.php\/wp-json\/wp\/v2\/users\/1"}],"replies":[{"embeddable":true,"href":"https:\/\/apfl.ch\/index.php\/wp-json\/wp\/v2\/comments?post=142"}],"version-history":[{"count":4,"href":"https:\/\/apfl.ch\/index.php\/wp-json\/wp\/v2\/pages\/142\/revisions"}],"predecessor-version":[{"id":148,"href":"https:\/\/apfl.ch\/index.php\/wp-json\/wp\/v2\/pages\/142\/revisions\/148"}],"wp:attachment":[{"href":"https:\/\/apfl.ch\/index.php\/wp-json\/wp\/v2\/media?parent=142"}],"curies":[{"name":"wp","href":"https:\/\/api.w.org\/{rel}","templated":true}]}}